{"id":474,"date":"2022-12-19T13:49:10","date_gmt":"2022-12-19T18:49:10","guid":{"rendered":"https:\/\/conducircolombia.com\/cea\/?page_id=474"},"modified":"2025-05-29T21:15:58","modified_gmt":"2025-05-30T02:15:58","slug":"laempresa","status":"publish","type":"page","link":"https:\/\/conducircolombia.com\/cea\/laempresa\/","title":{"rendered":"Laempresa"},"content":{"rendered":"\t\t<div data-elementor-type=\"wp-page\" data-elementor-id=\"474\" class=\"elementor elementor-474\">\n\t\t\t\t\t\t<section class=\"elementor-section elementor-top-section elementor-element elementor-element-f2f35c4 elementor-section-boxed elementor-section-height-default elementor-section-height-default\" data-id=\"f2f35c4\" data-element_type=\"section\">\n\t\t\t\t\t\t<div class=\"elementor-container elementor-column-gap-default\">\n\t\t\t\t\t<div class=\"elementor-column elementor-col-100 elementor-top-column elementor-element elementor-element-ed400c9\" data-id=\"ed400c9\" data-element_type=\"column\">\n\t\t\t<div class=\"elementor-widget-wrap elementor-element-populated\">\n\t\t\t\t\t\t<div class=\"elementor-element elementor-element-918173d elementor-widget elementor-widget-image\" data-id=\"918173d\" data-element_type=\"widget\" data-widget_type=\"image.default\">\n\t\t\t\t<div class=\"elementor-widget-container\">\n\t\t\t\t\t\t\t\t\t\t\t\t\t\t\t<img fetchpriority=\"high\" decoding=\"async\" width=\"1024\" height=\"1024\" src=\"https:\/\/conducircolombia.com\/cea\/wp-content\/uploads\/2025\/05\/30a.webp\" class=\"attachment-large size-large wp-image-15351\" alt=\"Conducir Colombia\" srcset=\"https:\/\/conducircolombia.com\/cea\/wp-content\/uploads\/2025\/05\/30a.webp 1024w, https:\/\/conducircolombia.com\/cea\/wp-content\/uploads\/2025\/05\/30a-300x300.webp 300w, https:\/\/conducircolombia.com\/cea\/wp-content\/uploads\/2025\/05\/30a-150x150.webp 150w, https:\/\/conducircolombia.com\/cea\/wp-content\/uploads\/2025\/05\/30a-768x768.webp 768w\" sizes=\"(max-width: 1024px) 100vw, 1024px\" \/>\t\t\t\t\t\t\t\t\t\t\t\t\t\t\t<\/div>\n\t\t\t\t<\/div>\n\t\t\t\t<div class=\"elementor-element elementor-element-1ce6603 elementor-widget elementor-widget-text-editor\" data-id=\"1ce6603\" data-element_type=\"widget\" data-widget_type=\"text-editor.default\">\n\t\t\t\t<div class=\"elementor-widget-container\">\n\t\t\t\t\t\t\t\t\t<h2 data-start=\"332\" data-end=\"400\">\ud83d\ude97 Mejores Escuelas de Conducci\u00f3n en Colombia | Conducir Colombia<\/h2><h3 data-start=\"402\" data-end=\"421\">\u00bfQui\u00e9nes Somos?<\/h3><p data-start=\"423\" data-end=\"779\"><strong data-start=\"423\" data-end=\"444\">Conducir Colombia<\/strong> es una instituci\u00f3n l\u00edder en formaci\u00f3n vial, con m\u00e1s de <strong data-start=\"500\" data-end=\"526\">30 a\u00f1os de experiencia<\/strong> capacitando conductores en todo el pa\u00eds. Nuestra ense\u00f1anza se basa en una formaci\u00f3n integral que combina t\u00e9cnicas de conducci\u00f3n, seguridad vial, normatividad, se\u00f1ales de tr\u00e1nsito y mec\u00e1nica b\u00e1sica, garantizando as\u00ed una preparaci\u00f3n s\u00f3lida y responsable.<\/p><h3 data-start=\"786\" data-end=\"802\">\ud83d\udee3\ufe0f El Curso<\/h3><p data-start=\"804\" data-end=\"1123\">Aqu\u00ed encontrar\u00e1s una formaci\u00f3n pr\u00e1ctica, segura y humana. Nuestro curso est\u00e1 dise\u00f1ado para brindarte <strong data-start=\"905\" data-end=\"963\">las habilidades necesarias para conducir con confianza<\/strong>, cuidar tu vida, la de tus seres queridos y proteger tu patrimonio. Si valoras la seguridad y la responsabilidad al volante, este es el lugar indicado para ti.<\/p><h3 data-start=\"1130\" data-end=\"1161\">\ud83d\udc68\u200d\ud83c\udfeb Nuestros Instructores<\/h3><p data-start=\"1163\" data-end=\"1510\">Contamos con un equipo de instructores altamente capacitados, emp\u00e1ticos y pacientes. Cada uno est\u00e1 comprometido con tu aprendizaje, convirti\u00e9ndose no solo en un gu\u00eda t\u00e9cnico, sino en un <strong data-start=\"1349\" data-end=\"1404\">aliado y consejero durante tu proceso de formaci\u00f3n.<\/strong> Estar\u00e1n contigo para resolver dudas, corregir errores y ayudarte a adquirir buenos h\u00e1bitos de conducci\u00f3n.<\/p><h3 data-start=\"1517\" data-end=\"1540\">\ud83c\udfaf Nuestro Objetivo<\/h3><p data-start=\"1542\" data-end=\"1789\">Queremos ofrecerte un espacio digital donde encuentres informaci\u00f3n completa y confiable sobre la conducci\u00f3n de veh\u00edculos automotores. Este sitio est\u00e1 dise\u00f1ado como una herramienta de consulta permanente, con acceso a contenidos actualizados sobre:<\/p><ul data-start=\"1791\" data-end=\"1898\"><li data-start=\"1791\" data-end=\"1821\"><p data-start=\"1793\" data-end=\"1821\">Normas y se\u00f1ales de tr\u00e1nsito<\/p><\/li><li data-start=\"1822\" data-end=\"1853\"><p data-start=\"1824\" data-end=\"1853\">T\u00e9cnicas de conducci\u00f3n segura<\/p><\/li><li data-start=\"1854\" data-end=\"1898\"><p data-start=\"1856\" data-end=\"1898\">Educaci\u00f3n vial y responsabilidad ciudadana<\/p><\/li><\/ul><h3 data-start=\"1905\" data-end=\"1924\">\ud83d\udccd Te invitamos<\/h3><p data-start=\"1926\" data-end=\"2132\">Navega por nuestro sitio, inf\u00f3rmate, aprende y regresa siempre que necesites una gu\u00eda confiable para conducir mejor. En <strong data-start=\"2046\" data-end=\"2067\">Conducir Colombia<\/strong>, estamos comprometidos con tu seguridad y la de todos en la v\u00eda.<\/p><p data-start=\"2134\" data-end=\"2162\"><strong data-start=\"2134\" data-end=\"2162\">\u00a1Gracias por visitarnos!<\/strong><\/p>\t\t\t\t\t\t\t\t<\/div>\n\t\t\t\t<\/div>\n\t\t\t\t\t<\/div>\n\t\t<\/div>\n\t\t\t\t\t<\/div>\n\t\t<\/section>\n\t\t\t\t<section class=\"elementor-section elementor-top-section elementor-element elementor-element-014e844 elementor-section-boxed elementor-section-height-default elementor-section-height-default\" data-id=\"014e844\" data-element_type=\"section\">\n\t\t\t\t\t\t<div class=\"elementor-container elementor-column-gap-default\">\n\t\t\t\t\t<div class=\"elementor-column elementor-col-50 elementor-top-column elementor-element elementor-element-08ea35e\" data-id=\"08ea35e\" data-element_type=\"column\">\n\t\t\t<div class=\"elementor-widget-wrap elementor-element-populated\">\n\t\t\t\t\t\t<div class=\"elementor-element elementor-element-47b99e9 elementor-widget elementor-widget-heading\" data-id=\"47b99e9\" data-element_type=\"widget\" data-widget_type=\"heading.default\">\n\t\t\t\t<div class=\"elementor-widget-container\">\n\t\t\t\t\t<h2 class=\"elementor-heading-title elementor-size-medium\">La mejor Escuela de conducci\u00f3n en Bogot\u00e1<\/h2>\t\t\t\t<\/div>\n\t\t\t\t<\/div>\n\t\t\t\t\t<\/div>\n\t\t<\/div>\n\t\t\t\t<div class=\"elementor-column elementor-col-50 elementor-top-column elementor-element elementor-element-2d1680c\" data-id=\"2d1680c\" data-element_type=\"column\">\n\t\t\t<div class=\"elementor-widget-wrap elementor-element-populated\">\n\t\t\t\t\t\t<div class=\"elementor-element elementor-element-9f8b9de elementor-widget elementor-widget-image\" data-id=\"9f8b9de\" data-element_type=\"widget\" data-widget_type=\"image.default\">\n\t\t\t\t<div class=\"elementor-widget-container\">\n\t\t\t\t\t\t\t\t\t\t\t\t\t\t\t<img decoding=\"async\" width=\"300\" height=\"61\" src=\"https:\/\/conducircolombia.com\/cea\/wp-content\/uploads\/2022\/12\/5-estrellas-300x61.png\" class=\"attachment-medium size-medium wp-image-415\" alt=\"5 estrellas\" srcset=\"https:\/\/conducircolombia.com\/cea\/wp-content\/uploads\/2022\/12\/5-estrellas-300x61.png 300w, https:\/\/conducircolombia.com\/cea\/wp-content\/uploads\/2022\/12\/5-estrellas.png 500w\" sizes=\"(max-width: 300px) 100vw, 300px\" \/>\t\t\t\t\t\t\t\t\t\t\t\t\t\t\t<\/div>\n\t\t\t\t<\/div>\n\t\t\t\t\t<\/div>\n\t\t<\/div>\n\t\t\t\t\t<\/div>\n\t\t<\/section>\n\t\t\t\t<\/div>\n\t\t","protected":false},"excerpt":{"rendered":"<p>\ud83d\ude97 Mejores Escuelas de Conducci\u00f3n en Colombia | Conducir Colombia \u00bfQui\u00e9nes Somos? Conducir Colombia es una instituci\u00f3n l\u00edder en formaci\u00f3n [&hellip;]<\/p>\n","protected":false},"author":1,"featured_media":4448,"parent":0,"menu_order":0,"comment_status":"closed","ping_status":"closed","template":"elementor_theme","meta":{"site-sidebar-layout":"default","site-content-layout":"","ast-site-content-layout":"","site-content-style":"default","site-sidebar-style":"default","ast-global-header-display":"","ast-banner-title-visibility":"","ast-main-header-display":"","ast-hfb-above-header-display":"","ast-hfb-below-header-display":"","ast-hfb-mobile-header-display":"","site-post-title":"","ast-breadcrumbs-content":"","ast-featured-img":"","footer-sml-layout":"","theme-transparent-header-meta":"","adv-header-id-meta":"","stick-header-meta":"","header-above-stick-meta":"","header-main-stick-meta":"","header-below-stick-meta":"","astra-migrate-meta-layouts":"default","ast-page-background-enabled":"default","ast-page-background-meta":{"desktop":{"background-color":"var(--ast-global-color-4)","background-image":"","background-repeat":"repeat","background-position":"center center","background-size":"auto","background-attachment":"scroll","background-type":"","background-media":"","overlay-type":"","overlay-color":"","overlay-opacity":"","overlay-gradient":""},"tablet":{"background-color":"","background-image":"","background-repeat":"repeat","background-position":"center center","background-size":"auto","background-attachment":"scroll","background-type":"","background-media":"","overlay-type":"","overlay-color":"","overlay-opacity":"","overlay-gradient":""},"mobile":{"background-color":"","background-image":"","background-repeat":"repeat","background-position":"center center","background-size":"auto","background-attachment":"scroll","background-type":"","background-media":"","overlay-type":"","overlay-color":"","overlay-opacity":"","overlay-gradient":""}},"ast-content-background-meta":{"desktop":{"background-color":"var(--ast-global-color-5)","background-image":"","background-repeat":"repeat","background-position":"center center","background-size":"auto","background-attachment":"scroll","background-type":"","background-media":"","overlay-type":"","overlay-color":"","overlay-opacity":"","overlay-gradient":""},"tablet":{"background-color":"var(--ast-global-color-5)","background-image":"","background-repeat":"repeat","background-position":"center center","background-size":"auto","background-attachment":"scroll","background-type":"","background-media":"","overlay-type":"","overlay-color":"","overlay-opacity":"","overlay-gradient":""},"mobile":{"background-color":"var(--ast-global-color-5)","background-image":"","background-repeat":"repeat","background-position":"center center","background-size":"auto","background-attachment":"scroll","background-type":"","background-media":"","overlay-type":"","overlay-color":"","overlay-opacity":"","overlay-gradient":""}},"footnotes":""},"class_list":["post-474","page","type-page","status-publish","has-post-thumbnail","hentry"],"yoast_head":"<!-- This site is optimized with the Yoast SEO plugin v26.4 - https:\/\/yoast.com\/wordpress\/plugins\/seo\/ -->\n<title>Mejores escuelas de conducci\u00f3n en Colombia | Conducir Colombia<\/title>\n<meta name=\"description\" content=\"Aprende a conducir en la mejor escuela de conducci\u00f3n de Bogot\u00e1 - Seriedad y cumplimiento - No te dejes enga\u00f1ar en sitios no autorizados\" \/>\n<meta name=\"robots\" content=\"index, follow, max-snippet:-1, max-image-preview:large, max-video-preview:-1\" \/>\n<link rel=\"canonical\" href=\"https:\/\/conducircolombia.com\/laempresa.html\" \/>\n<meta property=\"og:locale\" content=\"es_ES\" \/>\n<meta property=\"og:type\" content=\"article\" \/>\n<meta property=\"og:title\" content=\"Mejores escuelas de conducci\u00f3n en Colombia | Conducir Colombia\" \/>\n<meta property=\"og:description\" content=\"Aprende a conducir en la mejor escuela de conducci\u00f3n de Bogot\u00e1 - Seriedad y cumplimiento - No te dejes enga\u00f1ar en sitios no autorizados\" \/>\n<meta property=\"og:url\" content=\"https:\/\/conducircolombia.com\/laempresa.html\" \/>\n<meta property=\"og:site_name\" content=\"Conducir Colombia\" \/>\n<meta property=\"article:publisher\" content=\"https:\/\/www.facebook.com\/ConducirColombiaBogota\" \/>\n<meta property=\"article:modified_time\" content=\"2025-05-30T02:15:58+00:00\" \/>\n<meta property=\"og:image\" content=\"https:\/\/conducircolombia.com\/cea\/wp-content\/uploads\/2023\/02\/s-preventiva.webp\" \/>\n\t<meta property=\"og:image:width\" content=\"320\" \/>\n\t<meta property=\"og:image:height\" content=\"312\" \/>\n\t<meta property=\"og:image:type\" content=\"image\/webp\" \/>\n<meta name=\"twitter:card\" content=\"summary_large_image\" \/>\n<meta name=\"twitter:label1\" content=\"Tiempo de lectura\" \/>\n\t<meta name=\"twitter:data1\" content=\"2 minutos\" \/>\n<script type=\"application\/ld+json\" class=\"yoast-schema-graph\">{\"@context\":\"https:\/\/schema.org\",\"@graph\":[{\"@type\":\"WebPage\",\"@id\":\"https:\/\/conducircolombia.com\/cea\/laempresa\/\",\"url\":\"https:\/\/conducircolombia.com\/laempresa.html\",\"name\":\"Mejores escuelas de conducci\u00f3n en Colombia | Conducir Colombia\",\"isPartOf\":{\"@id\":\"https:\/\/conducircolombia.com\/cea\/#website\"},\"primaryImageOfPage\":{\"@id\":\"https:\/\/conducircolombia.com\/laempresa.html#primaryimage\"},\"image\":{\"@id\":\"https:\/\/conducircolombia.com\/laempresa.html#primaryimage\"},\"thumbnailUrl\":\"https:\/\/conducircolombia.com\/cea\/wp-content\/uploads\/2023\/02\/s-preventiva.webp\",\"datePublished\":\"2022-12-19T18:49:10+00:00\",\"dateModified\":\"2025-05-30T02:15:58+00:00\",\"description\":\"Aprende a conducir en la mejor escuela de conducci\u00f3n de Bogot\u00e1 - Seriedad y cumplimiento - No te dejes enga\u00f1ar en sitios no autorizados\",\"breadcrumb\":{\"@id\":\"https:\/\/conducircolombia.com\/laempresa.html#breadcrumb\"},\"inLanguage\":\"es\",\"potentialAction\":[{\"@type\":\"ReadAction\",\"target\":[\"https:\/\/conducircolombia.com\/laempresa.html\"]}]},{\"@type\":\"ImageObject\",\"inLanguage\":\"es\",\"@id\":\"https:\/\/conducircolombia.com\/laempresa.html#primaryimage\",\"url\":\"https:\/\/conducircolombia.com\/cea\/wp-content\/uploads\/2023\/02\/s-preventiva.webp\",\"contentUrl\":\"https:\/\/conducircolombia.com\/cea\/wp-content\/uploads\/2023\/02\/s-preventiva.webp\",\"width\":320,\"height\":312,\"caption\":\"Se\u00f1al Preventiva\"},{\"@type\":\"BreadcrumbList\",\"@id\":\"https:\/\/conducircolombia.com\/laempresa.html#breadcrumb\",\"itemListElement\":[{\"@type\":\"ListItem\",\"position\":1,\"name\":\"Portada\",\"item\":\"https:\/\/conducircolombia.com\/cea\/\"},{\"@type\":\"ListItem\",\"position\":2,\"name\":\"Laempresa\"}]},{\"@type\":\"WebSite\",\"@id\":\"https:\/\/conducircolombia.com\/cea\/#website\",\"url\":\"https:\/\/conducircolombia.com\/cea\/\",\"name\":\"Conducir Colombia\",\"description\":\"Academia de Conducci\u00f3n\",\"publisher\":{\"@id\":\"https:\/\/conducircolombia.com\/cea\/#organization\"},\"potentialAction\":[{\"@type\":\"SearchAction\",\"target\":{\"@type\":\"EntryPoint\",\"urlTemplate\":\"https:\/\/conducircolombia.com\/cea\/?s={search_term_string}\"},\"query-input\":{\"@type\":\"PropertyValueSpecification\",\"valueRequired\":true,\"valueName\":\"search_term_string\"}}],\"inLanguage\":\"es\"},{\"@type\":\"Organization\",\"@id\":\"https:\/\/conducircolombia.com\/cea\/#organization\",\"name\":\"Conducir Colombia\",\"alternateName\":\"Conducir Colombia\",\"url\":\"https:\/\/conducircolombia.com\/cea\/\",\"logo\":{\"@type\":\"ImageObject\",\"inLanguage\":\"es\",\"@id\":\"https:\/\/conducircolombia.com\/cea\/#\/schema\/logo\/image\/\",\"url\":\"https:\/\/conducircolombia.com\/cea\/wp-content\/uploads\/2025\/02\/logowp.jpg\",\"contentUrl\":\"https:\/\/conducircolombia.com\/cea\/wp-content\/uploads\/2025\/02\/logowp.jpg\",\"width\":300,\"height\":299,\"caption\":\"Conducir Colombia\"},\"image\":{\"@id\":\"https:\/\/conducircolombia.com\/cea\/#\/schema\/logo\/image\/\"},\"sameAs\":[\"https:\/\/www.facebook.com\/ConducirColombiaBogota\"]}]}<\/script>\n<!-- \/ Yoast SEO plugin. -->","yoast_head_json":{"title":"Mejores escuelas de conducci\u00f3n en Colombia | Conducir Colombia","description":"Aprende a conducir en la mejor escuela de conducci\u00f3n de Bogot\u00e1 - Seriedad y cumplimiento - No te dejes enga\u00f1ar en sitios no autorizados","robots":{"index":"index","follow":"follow","max-snippet":"max-snippet:-1","max-image-preview":"max-image-preview:large","max-video-preview":"max-video-preview:-1"},"canonical":"https:\/\/conducircolombia.com\/laempresa.html","og_locale":"es_ES","og_type":"article","og_title":"Mejores escuelas de conducci\u00f3n en Colombia | Conducir Colombia","og_description":"Aprende a conducir en la mejor escuela de conducci\u00f3n de Bogot\u00e1 - Seriedad y cumplimiento - No te dejes enga\u00f1ar en sitios no autorizados","og_url":"https:\/\/conducircolombia.com\/laempresa.html","og_site_name":"Conducir Colombia","article_publisher":"https:\/\/www.facebook.com\/ConducirColombiaBogota","article_modified_time":"2025-05-30T02:15:58+00:00","og_image":[{"width":320,"height":312,"url":"https:\/\/conducircolombia.com\/cea\/wp-content\/uploads\/2023\/02\/s-preventiva.webp","type":"image\/webp"}],"twitter_card":"summary_large_image","twitter_misc":{"Tiempo de lectura":"2 minutos"},"schema":{"@context":"https:\/\/schema.org","@graph":[{"@type":"WebPage","@id":"https:\/\/conducircolombia.com\/cea\/laempresa\/","url":"https:\/\/conducircolombia.com\/laempresa.html","name":"Mejores escuelas de conducci\u00f3n en Colombia | Conducir Colombia","isPartOf":{"@id":"https:\/\/conducircolombia.com\/cea\/#website"},"primaryImageOfPage":{"@id":"https:\/\/conducircolombia.com\/laempresa.html#primaryimage"},"image":{"@id":"https:\/\/conducircolombia.com\/laempresa.html#primaryimage"},"thumbnailUrl":"https:\/\/conducircolombia.com\/cea\/wp-content\/uploads\/2023\/02\/s-preventiva.webp","datePublished":"2022-12-19T18:49:10+00:00","dateModified":"2025-05-30T02:15:58+00:00","description":"Aprende a conducir en la mejor escuela de conducci\u00f3n de Bogot\u00e1 - Seriedad y cumplimiento - No te dejes enga\u00f1ar en sitios no autorizados","breadcrumb":{"@id":"https:\/\/conducircolombia.com\/laempresa.html#breadcrumb"},"inLanguage":"es","potentialAction":[{"@type":"ReadAction","target":["https:\/\/conducircolombia.com\/laempresa.html"]}]},{"@type":"ImageObject","inLanguage":"es","@id":"https:\/\/conducircolombia.com\/laempresa.html#primaryimage","url":"https:\/\/conducircolombia.com\/cea\/wp-content\/uploads\/2023\/02\/s-preventiva.webp","contentUrl":"https:\/\/conducircolombia.com\/cea\/wp-content\/uploads\/2023\/02\/s-preventiva.webp","width":320,"height":312,"caption":"Se\u00f1al Preventiva"},{"@type":"BreadcrumbList","@id":"https:\/\/conducircolombia.com\/laempresa.html#breadcrumb","itemListElement":[{"@type":"ListItem","position":1,"name":"Portada","item":"https:\/\/conducircolombia.com\/cea\/"},{"@type":"ListItem","position":2,"name":"Laempresa"}]},{"@type":"WebSite","@id":"https:\/\/conducircolombia.com\/cea\/#website","url":"https:\/\/conducircolombia.com\/cea\/","name":"Conducir Colombia","description":"Academia de Conducci\u00f3n","publisher":{"@id":"https:\/\/conducircolombia.com\/cea\/#organization"},"potentialAction":[{"@type":"SearchAction","target":{"@type":"EntryPoint","urlTemplate":"https:\/\/conducircolombia.com\/cea\/?s={search_term_string}"},"query-input":{"@type":"PropertyValueSpecification","valueRequired":true,"valueName":"search_term_string"}}],"inLanguage":"es"},{"@type":"Organization","@id":"https:\/\/conducircolombia.com\/cea\/#organization","name":"Conducir Colombia","alternateName":"Conducir Colombia","url":"https:\/\/conducircolombia.com\/cea\/","logo":{"@type":"ImageObject","inLanguage":"es","@id":"https:\/\/conducircolombia.com\/cea\/#\/schema\/logo\/image\/","url":"https:\/\/conducircolombia.com\/cea\/wp-content\/uploads\/2025\/02\/logowp.jpg","contentUrl":"https:\/\/conducircolombia.com\/cea\/wp-content\/uploads\/2025\/02\/logowp.jpg","width":300,"height":299,"caption":"Conducir Colombia"},"image":{"@id":"https:\/\/conducircolombia.com\/cea\/#\/schema\/logo\/image\/"},"sameAs":["https:\/\/www.facebook.com\/ConducirColombiaBogota"]}]}},"_links":{"self":[{"href":"https:\/\/conducircolombia.com\/cea\/wp-json\/wp\/v2\/pages\/474","targetHints":{"allow":["GET"]}}],"collection":[{"href":"https:\/\/conducircolombia.com\/cea\/wp-json\/wp\/v2\/pages"}],"about":[{"href":"https:\/\/conducircolombia.com\/cea\/wp-json\/wp\/v2\/types\/page"}],"author":[{"embeddable":true,"href":"https:\/\/conducircolombia.com\/cea\/wp-json\/wp\/v2\/users\/1"}],"replies":[{"embeddable":true,"href":"https:\/\/conducircolombia.com\/cea\/wp-json\/wp\/v2\/comments?post=474"}],"version-history":[{"count":46,"href":"https:\/\/conducircolombia.com\/cea\/wp-json\/wp\/v2\/pages\/474\/revisions"}],"predecessor-version":[{"id":15355,"href":"https:\/\/conducircolombia.com\/cea\/wp-json\/wp\/v2\/pages\/474\/revisions\/15355"}],"wp:featuredmedia":[{"embeddable":true,"href":"https:\/\/conducircolombia.com\/cea\/wp-json\/wp\/v2\/media\/4448"}],"wp:attachment":[{"href":"https:\/\/conducircolombia.com\/cea\/wp-json\/wp\/v2\/media?parent=474"}],"curies":[{"name":"wp","href":"https:\/\/api.w.org\/{rel}","templated":true}]}}